{"id":20,"date":"2022-02-17T14:54:17","date_gmt":"2022-02-17T13:54:17","guid":{"rendered":"http:\/\/bip.zss-siemianowice.pl\/?page_id=20"},"modified":"2026-01-23T11:54:30","modified_gmt":"2026-01-23T10:54:30","slug":"zakres-dzialania","status":"publish","type":"page","link":"https:\/\/bip.zss-siemianowice.pl\/index.php\/zakres-dzialania\/","title":{"rendered":"Zakres dzia\u0142ania"},"content":{"rendered":"<p><strong>W sk\u0142ad Zespo\u0142u Szk\u00f3\u0142 Sportowych wchodz\u0105:<\/strong><\/p>\n<p>&#8211; Szko\u0142a Podstawowa nr 8 ul. Miko\u0142aja 3 &#8211; Budynek A, ul. Plac Skrzeka i W\u00f3jcika 4 &#8211; Budynek B<br \/>&#8211; V Liceum Og\u00f3lnokszta\u0142c\u0105ce Sportowe z Oddzia\u0142ami Mistrzostwa Sportowego ul. Miko\u0142aja 3 &#8211; Budynek A<\/p>\n<p><strong>Baza dydaktyczna szko\u0142y:<\/strong><\/p>\n<p>&#8211; 2 sale sportowe, si\u0142ownia, boisko, basen kryty<br \/>&#8211; 3 pracownie komputerowe<br \/>&#8211; 2 \u015bwietlice szkolne<br \/>&#8211; Internetowe Centrum Informacji Multimedialnej<br \/>&#8211; sto\u0142\u00f3wka<br \/>&#8211; pracownie j\u0119zykowe<br \/>&#8211; pracownie og\u00f3lne<br \/>&#8211; biblioteki szkolne<\/p>\n<p><strong>Struktura organizacyjna:<\/strong><\/p>\n<p>Zesp\u00f3\u0142 Szk\u00f3\u0142 Sportowych w Siemianowicach \u015al\u0105skich:<\/p>\n<p>&#8211; dyrektor szko\u0142y- mgr Bogus\u0142aw Szopa<br \/>&#8211; wicedyrektor szko\u0142y- mgr Rados\u0142aw Szyma\u0144ski<br \/>&#8211; wicedyrektor szko\u0142y- mgr Katarzyna Duda &#8211; Trzci\u0144ska<br \/>&#8211; wicedyrektor szko\u0142y- mgr Aleksandra Iwaniuk<\/p>\n<p>&#8211; kierownik administracyjno- gospodarczy- Agata G\u0105dek<br \/>&#8211; g\u0142\u00f3wny ksi\u0119gowy- mgr El\u017cbieta Buchwald<br \/>&#8211; koordynator do spraw dost\u0119pno\u015bci- Aneta Suliga<br \/>e-mail: <a href=\"mailto:suligaa@zss-siemianowice.pl\">suligaa@zss-siemianowice.pl<\/a><br \/>tel. (32) 220-08-00 w. 42<\/p>\n<p>Liczba miejsc: 888<br \/>Liczba oddzia\u0142\u00f3w: 43<\/p>\n<p>Liczba nauczycieli: 111<br \/>Liczba pracownik\u00f3w administracji i obs\u0142ugi: 51<\/p>\n<p>Czas pracy: 6:45- 15:50<\/p>\n<p><strong>Podstawa<\/strong> <strong>prawna:<\/strong><\/p>\n<p>AKT ZA\u0141O\u017bYCIELSKI: szko\u0142a za\u0142o\u017cona w 2002 roku<br \/>Statut Zespo\u0142u Szk\u00f3\u0142 Sportowych (<a href=\"https:\/\/bip.zss-siemianowice.pl\/wp-content\/uploads\/2024\/10\/2024-09-09-Statut2024_sp-teskt_jednolity.pdf\">KLIKNIJ<\/a>)<\/p>\n<p><strong>Informacja o prowadzonych w szkole rejestrach, ewidencjach i archiwach:<\/strong><\/p>\n<p>Rejestry<\/p>\n<p>1. Rejestr protoko\u0142\u00f3w Rady Pedagogicznej.<br \/>2. Rejestr zarz\u0105dze\u0144 dyrektora.<br \/>3. Rejestr skarg i wniosk\u00f3w.<br \/>4. Rejestr prowadzonych kontroli.<br \/>5. Rejestr wypadk\u00f3w pracownik\u00f3w.<br \/>6. Rejestr um\u00f3w i decyzji dyrektora.<br \/>7. Rejestr wypadk\u00f3w uczni\u00f3w.<br \/>8. Rejestr wydanych \u015bwiadectw.<br \/>9. Rejestr wydanych kart rowerowych i motorowerowych.<br \/>10. Rejestr wydanych upowa\u017cnie\u0144 dyrektora.<br \/>11. Rejestr wydanych legitymacji uczni\u00f3w.<br \/>12. Rejestr wydanych legitymacji nauczycieli.<br \/>13. Rejestr os\u00f3b sprawdzonych w rejestrze przest\u0119pstw na tle seksualnym.<\/p>\n<p>Ewidencje<\/p>\n<p>1. Ewidencja druk\u00f3w \u015bcis\u0142ego zarachowania.<br \/>2. Ewidencja uczni\u00f3w i absolwent\u00f3w.<br \/>3. Ewidencja dzieci.<br \/>4. Ewidencja czasu pracy.<br \/>5. Ewidencja \u015brodk\u00f3w trwa\u0142ych (bilansowa i pozabilansowa).<br \/>6. Ewidencja materia\u0142owa.<\/p>\n<p>Archiwum obejmuj\u0105ce:<\/p>\n<p>1. Dzienniki lekcyjne.<br \/>2. Arkusze ocen uczni\u00f3w.<br \/>3. Arkusze organizacji.<br \/>4. Dokumentacja ksi\u0119gowa i p\u0142acowa.<br \/>5. Akta osobowe pracownik\u00f3w.<br \/>6. Protoko\u0142y z posiedze\u0144 Rady Pedagogicznej.<br \/>7. Sprawozdawczo\u015b\u0107<\/p>\n<p><strong>DOKUMENTY DO POBRANIA:<\/strong><\/p>\n<p><a href=\"https:\/\/bip.zss-siemianowice.pl\/wp-content\/uploads\/2022\/06\/scenariusz-ewakuacji.pdf\">Scenariusz ewakuacji<\/a><\/p>\n<p><a href=\"https:\/\/bip.zss-siemianowice.pl\/wp-content\/uploads\/2022\/10\/program-wychowawczo-profilaktyczny-2022.pdf\">Program wychowawczo &#8211; profilaktyczny 2022<\/a><\/p>\n<p><a href=\"https:\/\/zss-siemianowice.pl\/wp-content\/uploads\/2023\/10\/2023-09-11-Statut2023_sp-teskt_jednolity.pdf\">Statut 2023_SP8 &#8211; teskt_jednolity<\/a><\/p>\n<p><a href=\"https:\/\/bip.zss-siemianowice.pl\/wp-content\/uploads\/2023\/04\/Statut2023_ZSS-jednolity.pdf\">Statut 2023_ZSS &#8211; tekst jednolity<\/a><\/p>\n<p><a href=\"https:\/\/bip.zss-siemianowice.pl\/wp-content\/uploads\/2023\/04\/2023-04-24-Statut2023_lo-teskt_jednolity.pdf\">Statut 2023_VLO &#8211; teskt_jednolity<\/a><\/p>\n<p><a href=\"https:\/\/bip.zss-siemianowice.pl\/wp-content\/uploads\/2024\/08\/2024.08.23-Standardy-ochrony-maloletnich-przed-krzywdzeniem.pdf\">Standardy ochrony ma\u0142oletnich<\/a><\/p>\n<p><a href=\"https:\/\/bip.zss-siemianowice.pl\/wp-content\/uploads\/2024\/08\/2024.08.23-zarzadzenie-aktualizacja-standardy-ochrony-maloletnich-przed-krzywdzeniem.pdf\">Zarz\u0105dzenie ochrony standardy ma\u0142oletnich<\/a><\/p>\n\n\n<p><\/p>\n","protected":false},"excerpt":{"rendered":"<p>W sk\u0142ad Zespo\u0142u Szk\u00f3\u0142 Sportowych wchodz\u0105: &#8211; Szko\u0142a Podstawowa nr 8 ul. Miko\u0142aja 3 &#8211; Budynek A, ul. Plac Skrzeka i W\u00f3jcika 4 &#8211; Budynek B&#8211; V Liceum Og\u00f3lnokszta\u0142c\u0105ce Sportowe z Oddzia\u0142ami Mistrzostwa Sportowego ul. Miko\u0142aja 3 &#8211; Budynek A Baza dydaktyczna szko\u0142y: &#8211; 2 sale sportowe, si\u0142ownia, boisko, basen kryty&#8211; 3 pracownie komputerowe&#8211; 2 &hellip; <\/p>\n<p class=\"link-more\"><a href=\"https:\/\/bip.zss-siemianowice.pl\/index.php\/zakres-dzialania\/\" class=\"more-link\">Czytaj dalej<span class=\"screen-reader-text\"> \u201eZakres dzia\u0142ania\u201d<\/span><\/a><\/p>\n","protected":false},"author":1,"featured_media":0,"parent":0,"menu_order":0,"comment_status":"closed","ping_status":"closed","template":"","meta":{"footnotes":""},"class_list":["post-20","page","type-page","status-publish","hentry"],"_links":{"self":[{"href":"https:\/\/bip.zss-siemianowice.pl\/index.php\/wp-json\/wp\/v2\/pages\/20","targetHints":{"allow":["GET"]}}],"collection":[{"href":"https:\/\/bip.zss-siemianowice.pl\/index.php\/wp-json\/wp\/v2\/pages"}],"about":[{"href":"https:\/\/bip.zss-siemianowice.pl\/index.php\/wp-json\/wp\/v2\/types\/page"}],"author":[{"embeddable":true,"href":"https:\/\/bip.zss-siemianowice.pl\/index.php\/wp-json\/wp\/v2\/users\/1"}],"replies":[{"embeddable":true,"href":"https:\/\/bip.zss-siemianowice.pl\/index.php\/wp-json\/wp\/v2\/comments?post=20"}],"version-history":[{"count":20,"href":"https:\/\/bip.zss-siemianowice.pl\/index.php\/wp-json\/wp\/v2\/pages\/20\/revisions"}],"predecessor-version":[{"id":452,"href":"https:\/\/bip.zss-siemianowice.pl\/index.php\/wp-json\/wp\/v2\/pages\/20\/revisions\/452"}],"wp:attachment":[{"href":"https:\/\/bip.zss-siemianowice.pl\/index.php\/wp-json\/wp\/v2\/media?parent=20"}],"curies":[{"name":"wp","href":"https:\/\/api.w.org\/{rel}","templated":true}]}}