{"id":22,"date":"2022-02-17T14:54:39","date_gmt":"2022-02-17T13:54:39","guid":{"rendered":"http:\/\/bip.zss-siemianowice.pl\/?page_id=22"},"modified":"2025-04-24T11:07:13","modified_gmt":"2025-04-24T09:07:13","slug":"dane-kontaktowe","status":"publish","type":"page","link":"https:\/\/bip.zss-siemianowice.pl\/","title":{"rendered":"Podstawowe dane"},"content":{"rendered":"<p><strong>Nazwa:<\/strong> Zesp\u00f3\u0142 Szk\u00f3\u0142 Sportowych w Siemianowicach \u015al\u0105skich<br \/>\n<strong>Adres:<\/strong> 41-106 Siemianowice \u015al\u0105skie ul. Miko\u0142aja 3<br \/>\n<strong>Telefony:<\/strong><br \/>\n<span style=\"font-size: revert;\">(32) 220-08-00 &#8211; Budynek A<br \/>\n<\/span>(32) 220-12-07 &#8211; Budynek B<br \/>\n<strong>E-mail:<\/strong> sekretariat@zss-siemianowice.pl<br \/>\n<strong>Strona internetowa:<\/strong> <a href=\"http:\/\/www.zss-siemianowice.pl\/\">www.zss-siemianowice.pl<\/a><\/p>\n<p><strong>Elektroniczna skrzynka podawcza SEKAP:<\/strong><br \/>\nAdres elektroniczny do dor\u0119cze\u0144:\u00a0<a href=\"https:\/\/www.sekap.pl\/id\/55943\">https:\/\/www.sekap.pl\/id\/55943<\/a><\/p>\n<p><strong>Elektroniczna skrzynka podawcza EPUAP:<\/strong><br \/>\nAdres elektroniczny skrzynki EPUAP: \/ZSSSiemianowice\/SkrytkaESP<\/p>\n<p><strong>Adres do E-dor\u0119cze\u0144:<br \/>\n<\/strong>AE:PL-57007-29491-DTTUV-24<strong><br \/>\n<\/strong><\/p>\n","protected":false},"excerpt":{"rendered":"<p>Nazwa: Zesp\u00f3\u0142 Szk\u00f3\u0142 Sportowych w Siemianowicach \u015al\u0105skich Adres: 41-106 Siemianowice \u015al\u0105skie ul. Miko\u0142aja 3 Telefony: (32) 220-08-00 &#8211; Budynek A (32) 220-12-07 &#8211; Budynek B E-mail: sekretariat@zss-siemianowice.pl Strona internetowa: www.zss-siemianowice.pl Elektroniczna skrzynka podawcza SEKAP: Adres elektroniczny do dor\u0119cze\u0144:\u00a0https:\/\/www.sekap.pl\/id\/55943 Elektroniczna skrzynka podawcza EPUAP: Adres elektroniczny skrzynki EPUAP: \/ZSSSiemianowice\/SkrytkaESP Adres do E-dor\u0119cze\u0144: AE:PL-57007-29491-DTTUV-24<\/p>\n","protected":false},"author":1,"featured_media":0,"parent":0,"menu_order":0,"comment_status":"closed","ping_status":"closed","template":"","meta":{"footnotes":""},"class_list":["post-22","page","type-page","status-publish","hentry"],"_links":{"self":[{"href":"https:\/\/bip.zss-siemianowice.pl\/index.php\/wp-json\/wp\/v2\/pages\/22","targetHints":{"allow":["GET"]}}],"collection":[{"href":"https:\/\/bip.zss-siemianowice.pl\/index.php\/wp-json\/wp\/v2\/pages"}],"about":[{"href":"https:\/\/bip.zss-siemianowice.pl\/index.php\/wp-json\/wp\/v2\/types\/page"}],"author":[{"embeddable":true,"href":"https:\/\/bip.zss-siemianowice.pl\/index.php\/wp-json\/wp\/v2\/users\/1"}],"replies":[{"embeddable":true,"href":"https:\/\/bip.zss-siemianowice.pl\/index.php\/wp-json\/wp\/v2\/comments?post=22"}],"version-history":[{"count":6,"href":"https:\/\/bip.zss-siemianowice.pl\/index.php\/wp-json\/wp\/v2\/pages\/22\/revisions"}],"predecessor-version":[{"id":361,"href":"https:\/\/bip.zss-siemianowice.pl\/index.php\/wp-json\/wp\/v2\/pages\/22\/revisions\/361"}],"wp:attachment":[{"href":"https:\/\/bip.zss-siemianowice.pl\/index.php\/wp-json\/wp\/v2\/media?parent=22"}],"curies":[{"name":"wp","href":"https:\/\/api.w.org\/{rel}","templated":true}]}}