{"id":39,"date":"2022-02-17T16:44:12","date_gmt":"2022-02-17T15:44:12","guid":{"rendered":"http:\/\/bip.zss-siemianowice.pl\/?page_id=39"},"modified":"2025-07-09T13:44:53","modified_gmt":"2025-07-09T11:44:53","slug":"oferty-pracy","status":"publish","type":"page","link":"https:\/\/bip.zss-siemianowice.pl\/index.php\/oferty-pracy\/","title":{"rendered":"Oferty pracy"},"content":{"rendered":"<p><a href=\"https:\/\/bip.zss-siemianowice.pl\/wp-content\/uploads\/2025\/07\/Wyniki-naboru-ZSS.pdf\" target=\"_blank\" rel=\"noopener\">9.VII.2025 WYNIKI NABORU NA STANOWISKO SAMODZIELNY REFERENT W ZESPOLE SZK\u00d3\u0141 SPORTOWYCH W SIEMIANOWICACH \u015aL\u0104SKICH<\/a><\/p>\n<p><a href=\"https:\/\/bip.zss-siemianowice.pl\/wp-content\/uploads\/2025\/07\/Image_20250704_0001.pdf\">4.VII.2025 WYNIK I ETAPU NABORU NA STANOWISKO SAMODZIELNY REFERENT W ZESPOLE SZK\u00d3\u0141 SPORTOWYCH W SIEMIANOWICACH \u015aL\u0104SKICH<\/a><\/p>\n<p><a href=\"https:\/\/bip.zss-siemianowice.pl\/wp-content\/uploads\/2025\/06\/referent-ogloszenie-23.06.2025docx.pdf\" target=\"_blank\" rel=\"noopener\">23.VI.2025 OG\u0141OSZENIE O NABORZE KANDYDAT\u00d3W NA STANOWISKO SAMODZIELNEGO REFERENTA<\/a><\/p>\n<p><a href=\"https:\/\/bip.zss-siemianowice.pl\/20181217_ZSSPO_wybor_kandydata.pdf\">17.XII.2018 Wyniki naboru na stanowisko referent w Zespole Szk\u00f3\u0142 Sportowych w Siemianowicach \u015al\u0105skich<\/a><\/p>\n<p><a href=\"https:\/\/bip.zss-siemianowice.pl\/4.12.2018_wyniki_I_etapu_naboru.pdf\">4.XII.2018 Wyniki I etapu naboru kandydat\u00f3w na stanowisko referenta w Zespole Szk\u00f3\u0142 Sportowych<\/a><\/p>\n<p><a href=\"https:\/\/bip.zss-siemianowice.pl\/ogloszenie_nabor_referent_XI2018.pdf\">16.XI.2018 Og\u0142oszenie o naborze kandydat\u00f3w na stanowisko referenta w Zespole Szk\u00f3\u0142 Sportowych<\/a><\/p>\n<p>Kwestionariusz osobowy do pobrania (<a href=\"https:\/\/bip.zss-siemianowice.pl\/zsspo_kwestionariusz_osobowy.pdf\">KLIKNIJ<\/a>)<\/p>\n<p><a href=\"https:\/\/bip.zss-siemianowice.pl\/ogloszenie_nabor_ksiegowa_IV2015.pdf\">10.IV.2015 og\u0142oszenie o naborze kandydat\u00f3w na stanowisko g\u0142\u00f3wnego ksi\u0119gowego w Zespole Szk\u00f3\u0142 Sportowych<\/a><\/p>\n<p><a href=\"https:\/\/bip.zss-siemianowice.pl\/glowna_ksiegowa_wyniki_naboru_2015.pdf\">29.IV.2015 Wyniki naboru na stanowisko g\u0142\u00f3wnego ksi\u0119gowego w Zespole Szk\u00f3\u0142 Sportowych<\/a><\/p>\n","protected":false},"excerpt":{"rendered":"<p>9.VII.2025 WYNIKI NABORU NA STANOWISKO SAMODZIELNY REFERENT W ZESPOLE SZK\u00d3\u0141 SPORTOWYCH W SIEMIANOWICACH \u015aL\u0104SKICH 4.VII.2025 WYNIK I ETAPU NABORU NA STANOWISKO SAMODZIELNY REFERENT W ZESPOLE SZK\u00d3\u0141 SPORTOWYCH W SIEMIANOWICACH \u015aL\u0104SKICH 23.VI.2025 OG\u0141OSZENIE O NABORZE KANDYDAT\u00d3W NA STANOWISKO SAMODZIELNEGO REFERENTA 17.XII.2018 Wyniki naboru na stanowisko referent w Zespole Szk\u00f3\u0142 Sportowych w Siemianowicach \u015al\u0105skich 4.XII.2018 Wyniki I &hellip; <\/p>\n<p class=\"link-more\"><a href=\"https:\/\/bip.zss-siemianowice.pl\/index.php\/oferty-pracy\/\" class=\"more-link\">Czytaj dalej<span class=\"screen-reader-text\"> \u201eOferty pracy\u201d<\/span><\/a><\/p>\n","protected":false},"author":1,"featured_media":0,"parent":0,"menu_order":0,"comment_status":"closed","ping_status":"closed","template":"","meta":{"footnotes":""},"class_list":["post-39","page","type-page","status-publish","hentry"],"_links":{"self":[{"href":"https:\/\/bip.zss-siemianowice.pl\/index.php\/wp-json\/wp\/v2\/pages\/39","targetHints":{"allow":["GET"]}}],"collection":[{"href":"https:\/\/bip.zss-siemianowice.pl\/index.php\/wp-json\/wp\/v2\/pages"}],"about":[{"href":"https:\/\/bip.zss-siemianowice.pl\/index.php\/wp-json\/wp\/v2\/types\/page"}],"author":[{"embeddable":true,"href":"https:\/\/bip.zss-siemianowice.pl\/index.php\/wp-json\/wp\/v2\/users\/1"}],"replies":[{"embeddable":true,"href":"https:\/\/bip.zss-siemianowice.pl\/index.php\/wp-json\/wp\/v2\/comments?post=39"}],"version-history":[{"count":7,"href":"https:\/\/bip.zss-siemianowice.pl\/index.php\/wp-json\/wp\/v2\/pages\/39\/revisions"}],"predecessor-version":[{"id":396,"href":"https:\/\/bip.zss-siemianowice.pl\/index.php\/wp-json\/wp\/v2\/pages\/39\/revisions\/396"}],"wp:attachment":[{"href":"https:\/\/bip.zss-siemianowice.pl\/index.php\/wp-json\/wp\/v2\/media?parent=39"}],"curies":[{"name":"wp","href":"https:\/\/api.w.org\/{rel}","templated":true}]}}