{"id":76,"date":"2022-02-17T17:48:30","date_gmt":"2022-02-17T16:48:30","guid":{"rendered":"http:\/\/bip.zss-siemianowice.pl\/?page_id=76"},"modified":"2022-02-17T17:48:30","modified_gmt":"2022-02-17T16:48:30","slug":"raport-dostepnosci","status":"publish","type":"page","link":"https:\/\/bip.zss-siemianowice.pl\/index.php\/raport-dostepnosci\/","title":{"rendered":"Raport dost\u0119pno\u015bci"},"content":{"rendered":"<p>Raport o stanie zapewniania dost\u0119pno\u015bci podmiotu publicznego ZSS (<a href=\"https:\/\/bip.zss-siemianowice.pl\/raportZSS.pdf\">kliknij<\/a>)<br \/>\nRaport o stanie zapewniania dost\u0119pno\u015bci podmiotu publicznego SP8 (<a href=\"https:\/\/bip.zss-siemianowice.pl\/raportSP8.pdf\">kliknij<\/a>)<br \/>\nRaport o stanie zapewniania dost\u0119pno\u015bci podmiotu publicznego VLO (<a href=\"https:\/\/bip.zss-siemianowice.pl\/raportVLO.pdf\">kliknij<\/a>)<\/p>\n","protected":false},"excerpt":{"rendered":"<p>Raport o stanie zapewniania dost\u0119pno\u015bci podmiotu publicznego ZSS (kliknij) Raport o stanie zapewniania dost\u0119pno\u015bci podmiotu publicznego SP8 (kliknij) Raport o stanie zapewniania dost\u0119pno\u015bci podmiotu publicznego VLO (kliknij)<\/p>\n","protected":false},"author":1,"featured_media":0,"parent":0,"menu_order":0,"comment_status":"closed","ping_status":"closed","template":"","meta":{"footnotes":""},"class_list":["post-76","page","type-page","status-publish","hentry"],"_links":{"self":[{"href":"https:\/\/bip.zss-siemianowice.pl\/index.php\/wp-json\/wp\/v2\/pages\/76","targetHints":{"allow":["GET"]}}],"collection":[{"href":"https:\/\/bip.zss-siemianowice.pl\/index.php\/wp-json\/wp\/v2\/pages"}],"about":[{"href":"https:\/\/bip.zss-siemianowice.pl\/index.php\/wp-json\/wp\/v2\/types\/page"}],"author":[{"embeddable":true,"href":"https:\/\/bip.zss-siemianowice.pl\/index.php\/wp-json\/wp\/v2\/users\/1"}],"replies":[{"embeddable":true,"href":"https:\/\/bip.zss-siemianowice.pl\/index.php\/wp-json\/wp\/v2\/comments?post=76"}],"version-history":[{"count":2,"href":"https:\/\/bip.zss-siemianowice.pl\/index.php\/wp-json\/wp\/v2\/pages\/76\/revisions"}],"predecessor-version":[{"id":349,"href":"https:\/\/bip.zss-siemianowice.pl\/index.php\/wp-json\/wp\/v2\/pages\/76\/revisions\/349"}],"wp:attachment":[{"href":"https:\/\/bip.zss-siemianowice.pl\/index.php\/wp-json\/wp\/v2\/media?parent=76"}],"curies":[{"name":"wp","href":"https:\/\/api.w.org\/{rel}","templated":true}]}}